
{"id":69101,"date":"2023-08-30T00:44:23","date_gmt":"2023-08-29T22:44:23","guid":{"rendered":"https:\/\/camminiditalia.org\/hasta-la-proxima-spiana\/"},"modified":"2025-07-03T11:27:04","modified_gmt":"2025-07-03T09:27:04","slug":"hasta-la-proxima-spiana","status":"publish","type":"page","link":"https:\/\/camminiditalia.org\/es\/hasta-la-proxima-spiana\/","title":{"rendered":"\u00a1Hasta la pr\u00f3xima spiana!"},"content":{"rendered":"<div class=\"w-screen h-fit\">\n    <img loading=\"lazy\" decoding=\"async\" src=\"https:\/\/media-camminiditalia.nbg1.your-objectstorage.com\/wp-content\/uploads\/2023\/08\/banner_desktop.jpg\" alt=\"\" width=\"100\" height=\"100\"\n        class=\"hidden sm:block w-full h-full object-cover object-center\">\n\n    <img loading=\"lazy\" decoding=\"async\" src=\"https:\/\/media-camminiditalia.nbg1.your-objectstorage.com\/wp-content\/uploads\/2023\/08\/banner_smartphone.jpg\" width=\"100\" height=\"100\" alt=\"\"\n        class=\"sm:hidden w-full h-full object-cover object-center\">\n<\/div>\n\n<div style=\"height:0px\" aria-hidden=\"true\" id=\"newsletter\" class=\"wp-block-spacer\"><\/div>\n<div class=\"relative w-full h-fit bg-cm-gray flex flex-col justify-center items-center py-32\"\n    style=\"background-image: url(https:\/\/media-camminiditalia.nbg1.your-objectstorage.com\/wp-content\/uploads\/2023\/07\/immagini-articolo-1024x539.jpg); object-fit: cover; background-repeat: no-repeat; -webkit-background-size: cover;\n    -moz-background-size: cover;\n    -o-background-size: cover;\n    background-size: cover;\">\n    <div class=\"absolute w-full h-full top-0 left-0 bg-cm-gray opacity-70 z-10 overflow-hidden\"><\/div>\n\n    <div\n        class=\"text-white w-full max-w-7xl flex flex-col gap-5 xl:gap-5 xl:grid xl:grid-cols-2 justify-items-center z-20\">\n        <div class=\"flex flex-col items-center xl:items-start gap-8 xl:justify-around px-[5vw] 2xl:px-0\">\n            <div class=\"flex flex-col gap-8\">\n                <h3 class=\"text-3xl xl:text-5xl\">Suscr\u00edbete a nuestro bolet\u00edn<\/h3>\n                <div class=\"h-1 w-20 bg-cm-orange\"><\/div>\n                <div class=\"form-text text-xl max-w-lg\">\n                    <p>\u00bfEres aficionado al senderismo y al excursionismo en Italia? Entonces has venido exactamente al lugar adecuado!<br \/>\n\u2800<br \/>\nTe damos la bienvenida a la secci\u00f3n del bolet\u00edn \u00abAlla prossima spiana!\u00bb de Cammini d&#8217;Italia. Aqu\u00ed encontrar\u00e1s todo lo que buscas para estar al d\u00eda sobre el fant\u00e1stico mundo del senderismo en nuestro pa\u00eds.<br \/>\n\u2800<br \/>\nSuscr\u00edbete ahora y prep\u00e1rate para caminar con nosotros, \u00a1Alla prossima spiana!  <\/p>\n\n                <\/div>\n            <\/div>\n\n        <\/div>\n\n        <div class=\"flex flex-col justify-center items-center px-[5vw] 2xl:px-0 mt-10 xl:mt-0\">\n            <div class=\"wp-block-contact-form-7-contact-form-selector\"><p class=\"wpcf7-contact-form-not-found\"><strong>Error:<\/strong> Formulario de contacto no encontrado.<\/p><\/div>\n\n        <\/div>\n    <\/div>\n<\/div>\n\n<div style=\"height:100px\" aria-hidden=\"true\" class=\"wp-block-spacer\"><\/div>\n\n<h2 class=\"wp-block-heading has-text-align-center\" style=\"padding-right:var(--wp--preset--spacing--40);padding-left:var(--wp--preset--spacing--40)\">\u00a1Hasta la pr\u00f3xima spiana! El bolet\u00edn de Cammini d&#8217;Italia <\/h2>\n\n<div style=\"height:35px\" aria-hidden=\"true\" class=\"wp-block-spacer\"><\/div>\n\n<p class=\"has-text-align-center\" style=\"padding-right:var(--wp--preset--spacing--80);padding-left:var(--wp--preset--spacing--80)\"><strong>Pero, \u00bfqu\u00e9 es exactamente Alla prossima spiana?  <\/strong>Es mucho m\u00e1s que un simple bolet\u00edn. Es tu billete virtual para explorar Italia a pie, gracias a<strong> historias apasionantes, consejos \u00fatiles y oportunidades exclusivas.<\/strong> Cada mes, compartimos contigo los mejores art\u00edculos del mes anterior, un atractivo diario de senderismo, valiosos consejos para mejorar tus habilidades, podcasts en Spotify para <strong>acompa\u00f1arte en atractivas narraciones y mucho m\u00e1s.<\/strong><br\/>\u2800<br\/>\u00a1Y esto no acaba aqu\u00ed! Hasta la pr\u00f3xima Spiana! tambi\u00e9n te ofrece valiosa informaci\u00f3n sobre nuestros eventos y festivales ineludibles, as\u00ed como interesantes estad\u00edsticas y datos sobre las rutas de senderismo m\u00e1s populares y concurridas de Italia.    <strong>Descubre nuevas rutas, lugares que explorar y todo lo que hace del senderismo una pasi\u00f3n extraordinaria.<\/strong><\/p>\n\n<div style=\"height:50px\" aria-hidden=\"true\" class=\"wp-block-spacer\"><\/div>\n\n<div class=\"wp-block-columns is-layout-flex wp-container-core-columns-is-layout-9d6595d7 wp-block-columns-is-layout-flex\">\n<div class=\"wp-block-column is-layout-flow wp-block-column-is-layout-flow\">\n<figure class=\"wp-block-image aligncenter size-full\"><img loading=\"lazy\" decoding=\"async\" width=\"76\" height=\"76\" src=\"https:\/\/media-camminiditalia.nbg1.your-objectstorage.com\/wp-content\/uploads\/2023\/06\/1-icona.png\" alt=\"\" class=\"wp-image-23364\"\/><\/figure>\n\n\n\n<p>\u2800<\/p>\n\n\n\n<p class=\"has-text-align-center\"><strong>So\u00f1ar con nuevas rutas<\/strong><\/p>\n\n\n\n<p class=\"has-text-align-center\" style=\"padding-top:0;padding-right:var(--wp--preset--spacing--80);padding-bottom:0;padding-left:var(--wp--preset--spacing--80)\">Te proponemos ideas de senderismo por toda Italia, tanto de corta como de larga distancia. Desde paisajes de monta\u00f1a hasta senderos monta\u00f1osos y costeros. <\/p>\n<\/div>\n\n\n\n<div class=\"wp-block-column is-layout-flow wp-block-column-is-layout-flow\">\n<figure class=\"wp-block-image aligncenter size-full\"><img loading=\"lazy\" decoding=\"async\" width=\"76\" height=\"76\" src=\"https:\/\/media-camminiditalia.nbg1.your-objectstorage.com\/wp-content\/uploads\/2023\/06\/3-icona.png\" alt=\"gu&#xED;a del primer paseo\" class=\"wp-image-23366\"\/><\/figure>\n\n\n\n<p>\u2800<\/p>\n\n\n\n<p class=\"has-text-align-center\"><strong>Leer historias de caminantes<\/strong><\/p>\n\n\n\n<p class=\"has-text-align-center\" style=\"padding-top:0;padding-right:var(--wp--preset--spacing--80);padding-bottom:0;padding-left:var(--wp--preset--spacing--80)\">Cammini d&#8217;Italia est\u00e1 formado por senderistas que comparten con nosotros sus diarios de viaje. En cada bolet\u00edn encontrar\u00e1s el \u00abdiario del mes de Cammini d&#8217;Italia\u00bb. <\/p>\n<\/div>\n\n\n\n<div class=\"wp-block-column is-layout-flow wp-block-column-is-layout-flow\">\n<figure class=\"wp-block-image aligncenter size-full\"><img loading=\"lazy\" decoding=\"async\" width=\"76\" height=\"76\" src=\"https:\/\/media-camminiditalia.nbg1.your-objectstorage.com\/wp-content\/uploads\/2023\/06\/2-icona.png\" alt=\"gu&#xED;a del primer paseo\" class=\"wp-image-23365\"\/><\/figure>\n\n\n\n<p style=\"padding-right:var(--wp--preset--spacing--80)\">\u2800<\/p>\n\n\n\n<p class=\"has-text-align-center\"><strong>Aprende de nuestros consejos de senderismo<\/strong><\/p>\n\n\n\n<p class=\"has-text-align-center\" style=\"padding-top:0;padding-right:var(--wp--preset--spacing--80);padding-bottom:0;padding-left:var(--wp--preset--spacing--80)\">Tenemos especial inter\u00e9s en que \u00abAlla prossima spiana!\u00bb sea un bolet\u00edn valioso. Por eso incluimos sugerencias y consejos \u00fatiles sobre senderismo y excursionismo.   <\/p>\n<\/div>\n<\/div>\n\n<div style=\"height:50px\" aria-hidden=\"true\" class=\"wp-block-spacer\"><\/div>\n\n<div class=\"wp-block-buttons has-montserrat-font-family is-content-justification-center is-layout-flex wp-container-core-buttons-is-layout-5590e8cb wp-block-buttons-is-layout-flex\" style=\"font-style:normal;font-weight:700\">\n<div class=\"wp-block-button is-style-outline is-style-outline--1\"><a class=\"wp-block-button__link has-neutral-100-color has-orange-500-background-color has-text-color has-background has-text-align-center wp-element-button\" href=\"#newsletter\" style=\"border-radius:7px;padding-top:var(--wp--preset--spacing--20);padding-bottom:var(--wp--preset--spacing--20)\">\u00daNETE A NOSOTROS<\/a><\/div>\n<\/div>\n\n<div style=\"height:100px\" aria-hidden=\"true\" class=\"wp-block-spacer\"><\/div>\n<div class=\"text-img-block text-img-block-bg relative w-full h-fit bg-cm-gray flex flex-col justify-center items-center py-20\"\n    style=\"background-image: url(https:\/\/media-camminiditalia.nbg1.your-objectstorage.com\/wp-content\/uploads\/2023\/01\/header.webp); object-fit: cover; background-repeat: no-repeat; -webkit-background-size: cover;\n    -moz-background-size: cover;\n    -o-background-size: cover;\n    background-size: cover;\">\n    <div class=\"overlay\"><\/div>\n    \n    <div\n        class=\"text-white w-full max-w-7xl flex flex-col gap-5 xl:gap-0 xl:grid xl:grid-cols-2 justify-items-center z-20\">\n        <div class=\"flex flex-col items-center xl:items-start gap-8 xl:justify-around px-[5vw] 2xl:pl-10\">\n            <div class=\"flex flex-col gap-8 text-cm-light-gray\">\n                <h3>\u00bfPor qu\u00e9 debes inscribirte?<\/h3>\n                <div class=\"h-1 w-20 bg-cm-orange\"><\/div>\n                <div>\n                    <p>Al suscribirte al bolet\u00edn \u00abAlla prossima spiana!\u00bb, acceder\u00e1s a un mundo de ventajas exclusivas dise\u00f1adas especialmente para ti:<\/p>\n<p>\u2800<\/p>\n<ul>\n<li>Contenido mensual exclusivo: recibe una vista previa de los mejores art\u00edculos del mes anterior, compartidos s\u00f3lo con nuestra comunidad.<\/li>\n<li>Diario del Camino: participa en nuestras aventuras a trav\u00e9s de relatos atractivos y aut\u00e9nticos que te har\u00e1n sentir parte del equipo.<\/li>\n<li>Consejos de senderismo: obt\u00e9n consejos pr\u00e1cticos y trucos del oficio para mejorar tus habilidades de senderismo, independientemente de tu nivel de experiencia.<\/li>\n<\/ul>\n<p>\u2800<\/p>\n<p>No te pierdas esta oportunidad \u00fanica de explorar Italia a pie y vivir aventuras inolvidables. \u00a1\u00danete a nuestra comunidad de entusiastas del senderismo y el excursionismo suscribi\u00e9ndote ahora al bolet\u00edn Alla prossima spiana! <\/p>\n<p>\u2800<\/p>\n<p>Haz clic abajo para inscribirte y comenzar tu viaje hacia experiencias extraordinarias. \u00a1Estamos deseando caminar contigo! <\/p>\n\n                <\/div>\n            <\/div>\n                            <a href=\"#newsletter\"\n        class=\"primary-button w-fit px-5 py-3.5 lg:px-7 lg:py-3 bg-cm2-primary hover:bg-cm2-primary-300 transition-all rounded button-text\">\n        \u00daNETE AHORA\n    <\/a>\n            \n        <\/div>\n\n        <div class=\"flex flex-col justify-center items-center px-[5vw] 2xl:px-0 mt-10 xl:mt-0\">\n            <img decoding=\"async\" src=\"https:\/\/media-camminiditalia.nbg1.your-objectstorage.com\/wp-content\/uploads\/2023\/08\/logo-bianco.png\" alt=\"\" width=\"100\" height=\"100\" loading=\"lazy\"\n                class=\"object-contain w-full xl:w-[72%] xl:h-auto\">\n        <\/div>\n    <\/div>\n<\/div>\n\n<div class=\"wp-block-columns is-layout-flex wp-container-core-columns-is-layout-9d6595d7 wp-block-columns-is-layout-flex\">\n<div class=\"wp-block-column is-vertically-aligned-center is-layout-flow wp-block-column-is-layout-flow\" style=\"padding-top:var(--wp--preset--spacing--80);padding-right:var(--wp--preset--spacing--80);padding-left:var(--wp--preset--spacing--80)\">\n<h2 class=\"wp-block-heading\"><strong>\u00bfQui\u00e9nes somos?\u2800<\/strong><\/h2>\n\n\n\n<p>\u2800<\/p>\n\n\n\n<p>Aqu\u00ed estamos, somos Davide, Francesco y Vincenzo, y<strong> queremos hacer so\u00f1ar despiertos a la comunidad Cammini d&#8217;Italia<\/strong>, creando y difundiendo cultura sobre el mundo del senderismo y las caminatas italianas.<br\/>Lo hacemos a 360\u00b0, proporcionando tambi\u00e9n <strong>herramientas digitales \u00fatiles para planificar y programar caminatas, recorri\u00e9ndolas<\/strong> a trav\u00e9s de mapas interactivos por los que se puede navegar tanto online como offline, y gracias al<strong> intercambio de experiencias<\/strong> por parte de los participantes en nuestra comunidad.<\/p>\n\n\n\n<p>\u2800<\/p>\n\n\n\n<p>Lo hacemos <strong>publicando contenidos todos los d\u00edas que llegan a miles de personas<\/strong>, proporcionando una serie de plataformas, desde las p\u00e1ginas sociales hasta el sitio web y la flamante aplicaci\u00f3n, para satisfacer las necesidades de todos los senderistas. <strong>\u00a1S\u00edguenos en nuestros canales sociales!<\/strong><\/p>\n<\/div>\n\n\n\n<div class=\"wp-block-column is-layout-flow wp-block-column-is-layout-flow\">\n<figure class=\"wp-block-image size-full is-resized is-style-default wp-duotone-unset-2\"><img loading=\"lazy\" decoding=\"async\" width=\"701\" height=\"467\" src=\"https:\/\/media-camminiditalia.nbg1.your-objectstorage.com\/wp-content\/uploads\/2023\/08\/team-ridimensionata.png\" alt=\"equipo cammini d'italia\" class=\"wp-image-25202\" style=\"width:543px\" srcset=\"https:\/\/media-camminiditalia.nbg1.your-objectstorage.com\/wp-content\/uploads\/2023\/08\/team-ridimensionata.png 701w, https:\/\/media-camminiditalia.nbg1.your-objectstorage.com\/wp-content\/uploads\/2023\/08\/team-ridimensionata.png 600w, https:\/\/media-camminiditalia.nbg1.your-objectstorage.com\/wp-content\/uploads\/2023\/08\/team-ridimensionata-300x200.png 300w\" sizes=\"auto, (max-width: 701px) 100vw, 701px\" \/><\/figure>\n<\/div>\n<\/div>\n","protected":false},"excerpt":{"rendered":"<p>\u00a1Hasta la pr\u00f3xima spiana! El bolet\u00edn de Cammini d&#8217;Italia Pero, \u00bfqu\u00e9 es exactamente Alla prossima spiana? Es mucho m\u00e1s que un simple bolet\u00edn. Es tu billete virtual para explorar Italia a pie, gracias a historias apasionantes, consejos \u00fatiles y oportunidades exclusivas. Cada mes, compartimos contigo los mejores art\u00edculos del mes anterior, un atractivo diario de &hellip; <a href=\"https:\/\/camminiditalia.org\/es\/hasta-la-proxima-spiana\/\">Continued<\/a><\/p>\n","protected":false},"author":2,"featured_media":88035,"parent":0,"menu_order":0,"comment_status":"closed","ping_status":"closed","template":"","meta":{"_acf_changed":false,"footnotes":""},"class_list":["post-69101","page","type-page","status-publish","has-post-thumbnail","hentry"],"acf":[],"yoast_head":"<!-- This site is optimized with the Yoast SEO plugin v27.1.1 - https:\/\/yoast.com\/product\/yoast-seo-wordpress\/ -->\n<title>\u00a1Hasta la pr\u00f3xima spiana! - Cammini d&#039;Italia<\/title>\n<meta name=\"robots\" content=\"index, follow, max-snippet:-1, max-image-preview:large, max-video-preview:-1\" \/>\n<link rel=\"canonical\" href=\"https:\/\/camminiditalia.org\/es\/hasta-la-proxima-spiana\/\" \/>\n<meta property=\"og:locale\" content=\"es_ES\" \/>\n<meta property=\"og:type\" content=\"article\" \/>\n<meta property=\"og:title\" content=\"\u00a1Hasta la pr\u00f3xima spiana! - Cammini d&#039;Italia\" \/>\n<meta property=\"og:description\" content=\"\u00a1Hasta la pr\u00f3xima spiana! El bolet\u00edn de Cammini d&#8217;Italia Pero, \u00bfqu\u00e9 es exactamente Alla prossima spiana? Es mucho m\u00e1s que un simple bolet\u00edn. Es tu billete virtual para explorar Italia a pie, gracias a historias apasionantes, consejos \u00fatiles y oportunidades exclusivas. Cada mes, compartimos contigo los mejores art\u00edculos del mes anterior, un atractivo diario de &hellip; Continued\" \/>\n<meta property=\"og:url\" content=\"https:\/\/camminiditalia.org\/es\/hasta-la-proxima-spiana\/\" \/>\n<meta property=\"og:site_name\" content=\"Cammini d&#039;Italia\" \/>\n<meta property=\"article:modified_time\" content=\"2025-07-03T09:27:04+00:00\" \/>\n<meta property=\"og:image\" content=\"https:\/\/camminiditalia.org\/wp-content\/uploads\/2023\/06\/1-icona.png\" \/>\n<meta name=\"twitter:card\" content=\"summary_large_image\" \/>\n<meta name=\"twitter:label1\" content=\"Tiempo de lectura\" \/>\n\t<meta name=\"twitter:data1\" content=\"2 minutos\" \/>\n<script type=\"application\/ld+json\" class=\"yoast-schema-graph\">{\"@context\":\"https:\/\/schema.org\",\"@graph\":[{\"@type\":\"WebPage\",\"@id\":\"https:\/\/camminiditalia.org\/es\/hasta-la-proxima-spiana\/\",\"url\":\"https:\/\/camminiditalia.org\/es\/hasta-la-proxima-spiana\/\",\"name\":\"\u00a1Hasta la pr\u00f3xima spiana! - Cammini d&#039;Italia\",\"isPartOf\":{\"@id\":\"https:\/\/camminiditalia.org\/es\/#website\"},\"primaryImageOfPage\":{\"@id\":\"https:\/\/camminiditalia.org\/es\/hasta-la-proxima-spiana\/#primaryimage\"},\"image\":{\"@id\":\"https:\/\/camminiditalia.org\/es\/hasta-la-proxima-spiana\/#primaryimage\"},\"thumbnailUrl\":\"https:\/\/media-camminiditalia.nbg1.your-objectstorage.com\/2026\/02\/COVER.webp\",\"datePublished\":\"2023-08-29T22:44:23+00:00\",\"dateModified\":\"2025-07-03T09:27:04+00:00\",\"breadcrumb\":{\"@id\":\"https:\/\/camminiditalia.org\/es\/hasta-la-proxima-spiana\/#breadcrumb\"},\"inLanguage\":\"es\",\"potentialAction\":[{\"@type\":\"ReadAction\",\"target\":[\"https:\/\/camminiditalia.org\/es\/hasta-la-proxima-spiana\/\"]}]},{\"@type\":\"ImageObject\",\"inLanguage\":\"es\",\"@id\":\"https:\/\/camminiditalia.org\/es\/hasta-la-proxima-spiana\/#primaryimage\",\"url\":\"https:\/\/media-camminiditalia.nbg1.your-objectstorage.com\/2026\/02\/COVER.webp\",\"contentUrl\":\"https:\/\/media-camminiditalia.nbg1.your-objectstorage.com\/2026\/02\/COVER.webp\",\"width\":800,\"height\":600},{\"@type\":\"BreadcrumbList\",\"@id\":\"https:\/\/camminiditalia.org\/es\/hasta-la-proxima-spiana\/#breadcrumb\",\"itemListElement\":[{\"@type\":\"ListItem\",\"position\":1,\"name\":\"Home\",\"item\":\"https:\/\/camminiditalia.org\/es\/inicio\/\"},{\"@type\":\"ListItem\",\"position\":2,\"name\":\"\u00a1Hasta la pr\u00f3xima spiana!\"}]},{\"@type\":\"WebSite\",\"@id\":\"https:\/\/camminiditalia.org\/es\/#website\",\"url\":\"https:\/\/camminiditalia.org\/es\/\",\"name\":\"Cammini d'Italia\",\"description\":\"Plan, walk and share!\",\"publisher\":{\"@id\":\"https:\/\/camminiditalia.org\/es\/#organization\"},\"potentialAction\":[{\"@type\":\"SearchAction\",\"target\":{\"@type\":\"EntryPoint\",\"urlTemplate\":\"https:\/\/camminiditalia.org\/es\/?s={search_term_string}\"},\"query-input\":{\"@type\":\"PropertyValueSpecification\",\"valueRequired\":true,\"valueName\":\"search_term_string\"}}],\"inLanguage\":\"es\"},{\"@type\":\"Organization\",\"@id\":\"https:\/\/camminiditalia.org\/es\/#organization\",\"name\":\"Cammini d'Italia srls\",\"url\":\"https:\/\/camminiditalia.org\/es\/\",\"logo\":{\"@type\":\"ImageObject\",\"inLanguage\":\"es\",\"@id\":\"https:\/\/camminiditalia.org\/es\/#\/schema\/logo\/image\/\",\"url\":\"https:\/\/media-camminiditalia.nbg1.your-objectstorage.com\/wp-content\/uploads\/2023\/08\/Risorsa-2-8-e1690918206850.png\",\"contentUrl\":\"https:\/\/media-camminiditalia.nbg1.your-objectstorage.com\/wp-content\/uploads\/2023\/08\/Risorsa-2-8-e1690918206850.png\",\"width\":1076,\"height\":329,\"caption\":\"Cammini d'Italia srls\"},\"image\":{\"@id\":\"https:\/\/camminiditalia.org\/es\/#\/schema\/logo\/image\/\"}}]}<\/script>\n<!-- \/ Yoast SEO plugin. -->","yoast_head_json":{"title":"\u00a1Hasta la pr\u00f3xima spiana! - Cammini d&#039;Italia","robots":{"index":"index","follow":"follow","max-snippet":"max-snippet:-1","max-image-preview":"max-image-preview:large","max-video-preview":"max-video-preview:-1"},"canonical":"https:\/\/camminiditalia.org\/es\/hasta-la-proxima-spiana\/","og_locale":"es_ES","og_type":"article","og_title":"\u00a1Hasta la pr\u00f3xima spiana! - Cammini d&#039;Italia","og_description":"\u00a1Hasta la pr\u00f3xima spiana! El bolet\u00edn de Cammini d&#8217;Italia Pero, \u00bfqu\u00e9 es exactamente Alla prossima spiana? Es mucho m\u00e1s que un simple bolet\u00edn. Es tu billete virtual para explorar Italia a pie, gracias a historias apasionantes, consejos \u00fatiles y oportunidades exclusivas. Cada mes, compartimos contigo los mejores art\u00edculos del mes anterior, un atractivo diario de &hellip; Continued","og_url":"https:\/\/camminiditalia.org\/es\/hasta-la-proxima-spiana\/","og_site_name":"Cammini d&#039;Italia","article_modified_time":"2025-07-03T09:27:04+00:00","og_image":[{"url":"https:\/\/camminiditalia.org\/wp-content\/uploads\/2023\/06\/1-icona.png","type":"","width":"","height":""}],"twitter_card":"summary_large_image","twitter_misc":{"Tiempo de lectura":"2 minutos"},"schema":{"@context":"https:\/\/schema.org","@graph":[{"@type":"WebPage","@id":"https:\/\/camminiditalia.org\/es\/hasta-la-proxima-spiana\/","url":"https:\/\/camminiditalia.org\/es\/hasta-la-proxima-spiana\/","name":"\u00a1Hasta la pr\u00f3xima spiana! - Cammini d&#039;Italia","isPartOf":{"@id":"https:\/\/camminiditalia.org\/es\/#website"},"primaryImageOfPage":{"@id":"https:\/\/camminiditalia.org\/es\/hasta-la-proxima-spiana\/#primaryimage"},"image":{"@id":"https:\/\/camminiditalia.org\/es\/hasta-la-proxima-spiana\/#primaryimage"},"thumbnailUrl":"https:\/\/media-camminiditalia.nbg1.your-objectstorage.com\/2026\/02\/COVER.webp","datePublished":"2023-08-29T22:44:23+00:00","dateModified":"2025-07-03T09:27:04+00:00","breadcrumb":{"@id":"https:\/\/camminiditalia.org\/es\/hasta-la-proxima-spiana\/#breadcrumb"},"inLanguage":"es","potentialAction":[{"@type":"ReadAction","target":["https:\/\/camminiditalia.org\/es\/hasta-la-proxima-spiana\/"]}]},{"@type":"ImageObject","inLanguage":"es","@id":"https:\/\/camminiditalia.org\/es\/hasta-la-proxima-spiana\/#primaryimage","url":"https:\/\/media-camminiditalia.nbg1.your-objectstorage.com\/2026\/02\/COVER.webp","contentUrl":"https:\/\/media-camminiditalia.nbg1.your-objectstorage.com\/2026\/02\/COVER.webp","width":800,"height":600},{"@type":"BreadcrumbList","@id":"https:\/\/camminiditalia.org\/es\/hasta-la-proxima-spiana\/#breadcrumb","itemListElement":[{"@type":"ListItem","position":1,"name":"Home","item":"https:\/\/camminiditalia.org\/es\/inicio\/"},{"@type":"ListItem","position":2,"name":"\u00a1Hasta la pr\u00f3xima spiana!"}]},{"@type":"WebSite","@id":"https:\/\/camminiditalia.org\/es\/#website","url":"https:\/\/camminiditalia.org\/es\/","name":"Cammini d'Italia","description":"Plan, walk and share!","publisher":{"@id":"https:\/\/camminiditalia.org\/es\/#organization"},"potentialAction":[{"@type":"SearchAction","target":{"@type":"EntryPoint","urlTemplate":"https:\/\/camminiditalia.org\/es\/?s={search_term_string}"},"query-input":{"@type":"PropertyValueSpecification","valueRequired":true,"valueName":"search_term_string"}}],"inLanguage":"es"},{"@type":"Organization","@id":"https:\/\/camminiditalia.org\/es\/#organization","name":"Cammini d'Italia srls","url":"https:\/\/camminiditalia.org\/es\/","logo":{"@type":"ImageObject","inLanguage":"es","@id":"https:\/\/camminiditalia.org\/es\/#\/schema\/logo\/image\/","url":"https:\/\/media-camminiditalia.nbg1.your-objectstorage.com\/wp-content\/uploads\/2023\/08\/Risorsa-2-8-e1690918206850.png","contentUrl":"https:\/\/media-camminiditalia.nbg1.your-objectstorage.com\/wp-content\/uploads\/2023\/08\/Risorsa-2-8-e1690918206850.png","width":1076,"height":329,"caption":"Cammini d'Italia srls"},"image":{"@id":"https:\/\/camminiditalia.org\/es\/#\/schema\/logo\/image\/"}}]}},"jetpack-related-posts":[],"jetpack_sharing_enabled":true,"_links":{"self":[{"href":"https:\/\/camminiditalia.org\/es\/wp-json\/wp\/v2\/pages\/69101","targetHints":{"allow":["GET"]}}],"collection":[{"href":"https:\/\/camminiditalia.org\/es\/wp-json\/wp\/v2\/pages"}],"about":[{"href":"https:\/\/camminiditalia.org\/es\/wp-json\/wp\/v2\/types\/page"}],"author":[{"embeddable":true,"href":"https:\/\/camminiditalia.org\/es\/wp-json\/wp\/v2\/users\/2"}],"replies":[{"embeddable":true,"href":"https:\/\/camminiditalia.org\/es\/wp-json\/wp\/v2\/comments?post=69101"}],"version-history":[{"count":0,"href":"https:\/\/camminiditalia.org\/es\/wp-json\/wp\/v2\/pages\/69101\/revisions"}],"wp:featuredmedia":[{"embeddable":true,"href":"https:\/\/camminiditalia.org\/es\/wp-json\/wp\/v2\/media\/88035"}],"wp:attachment":[{"href":"https:\/\/camminiditalia.org\/es\/wp-json\/wp\/v2\/media?parent=69101"}],"curies":[{"name":"wp","href":"https:\/\/api.w.org\/{rel}","templated":true}]}}